{"id":341,"date":"2019-06-10T18:37:23","date_gmt":"2019-06-10T23:37:23","guid":{"rendered":"http:\/\/www.belcarcompany.com\/nuevatienda\/?page_id=341"},"modified":"2024-06-07T16:52:44","modified_gmt":"2024-06-07T21:52:44","slug":"contacto","status":"publish","type":"page","link":"https:\/\/www.mrsiliconeband.com\/ven\/contacto\/","title":{"rendered":"Contacto"},"content":{"rendered":"<p>[et_pb_section fb_built=\u00bb1&#8243; admin_label=\u00bbContact hero\u00bb _builder_version=\u00bb4.16&#8243; use_background_color_gradient=\u00bbon\u00bb background_color_gradient_direction=\u00bb1deg\u00bb background_color_gradient_stops=\u00bb#d4e6f1 100%|#9271f6 100%\u00bb background_color_gradient_start=\u00bb#d4e6f1&#8243; background_color_gradient_start_position=\u00bb100%\u00bb background_color_gradient_end=\u00bb#9271f6&#8243; background_image=\u00bbhttps:\/\/www.mrsiliconeband.com\/ven\/\/wp-content\/uploads\/2019\/06\/coding-background-texture.jpg\u00bb background_blend=\u00bboverlay\u00bb custom_padding=\u00bb0px|0px|60px|0px||\u00bb animation_style=\u00bbslide\u00bb animation_direction=\u00bbtop\u00bb animation_intensity_slide=\u00bb2%\u00bb box_shadow_style=\u00bbpreset7&#8243; box_shadow_horizontal=\u00bb0px\u00bb box_shadow_vertical=\u00bb-260px\u00bb box_shadow_color=\u00bb#ffffff\u00bb locked=\u00bboff\u00bb global_colors_info=\u00bb{}\u00bb][et_pb_row _builder_version=\u00bb4.16&#8243; custom_margin=\u00bb|||\u00bb custom_padding=\u00bb27px|0px|5px|0px||\u00bb custom_width_px=\u00bb1280px\u00bb global_colors_info=\u00bb{}\u00bb][et_pb_column type=\u00bb4_4&#8243; _builder_version=\u00bb4.16&#8243; custom_padding=\u00bb|||\u00bb global_colors_info=\u00bb{}\u00bb custom_padding__hover=\u00bb|||\u00bb][et_pb_text _builder_version=\u00bb4.16&#8243; header_font=\u00bb|700|||||||\u00bb header_text_color=\u00bb#2980b9&#8243; header_font_size=\u00bb42px\u00bb header_line_height=\u00bb1.3em\u00bb text_orientation=\u00bbcenter\u00bb background_layout=\u00bbdark\u00bb max_width=\u00bb530px\u00bb module_alignment=\u00bbcenter\u00bb custom_padding=\u00bb|||\u00bb header_font_size_tablet=\u00bb\u00bb header_font_size_phone=\u00bb\u00bb header_font_size_last_edited=\u00bbon|desktop\u00bb locked=\u00bboff\u00bb global_colors_info=\u00bb{}\u00bb]<\/p>\n<h1>Cont\u00e1ctanos<\/h1>\n<p>[\/et_pb_text][\/et_pb_column][\/et_pb_row][et_pb_row column_structure=\u00bb2_3,1_3&#8243; use_custom_gutter=\u00bbon\u00bb gutter_width=\u00bb1&#8243; make_equal=\u00bbon\u00bb admin_label=\u00bbContact Info\u00bb _builder_version=\u00bb4.16&#8243; background_color=\u00bb#ffffff\u00bb custom_padding=\u00bb0px|0px|0px|0px\u00bb animation_style=\u00bbzoom\u00bb animation_intensity_zoom=\u00bb10%\u00bb animation_starting_opacity=\u00bb100%\u00bb box_shadow_style=\u00bbpreset1&#8243; box_shadow_vertical=\u00bb10px\u00bb box_shadow_blur=\u00bb60px\u00bb box_shadow_color=\u00bbrgba(71,74,182,0.12)\u00bb global_colors_info=\u00bb{}\u00bb][et_pb_column type=\u00bb2_3&#8243; _builder_version=\u00bb4.16&#8243; custom_padding=\u00bb60px|40px|60px|40px\u00bb global_colors_info=\u00bb{}\u00bb custom_padding__hover=\u00bb|||\u00bb][et_pb_contact_form captcha=\u00bboff\u00bb email=\u00bbventas@mrsiliconeband.com\u00bb submit_button_text=\u00bbEnviar informaci\u00f3n\u00bb module_id=\u00bbet_pb_contact_form_0&#8243; _builder_version=\u00bb4.16&#8243; _unique_id=\u00bb13462837-6d85-42c3-abc1-8c8b1a9dde66&#8243; form_field_background_color=\u00bbrgba(0,0,0,0)\u00bb form_field_text_color=\u00bbrgba(114,114,255,0.61)\u00bb form_field_font_size=\u00bb16px\u00bb custom_button=\u00bbon\u00bb button_text_size=\u00bb16px\u00bb button_text_color=\u00bb#ffffff\u00bb button_bg_color=\u00bb#2980b9&#8243; button_border_width=\u00bb10px\u00bb button_border_color=\u00bbrgba(0,0,0,0)\u00bb button_border_radius=\u00bb0px\u00bb button_letter_spacing=\u00bb1px\u00bb button_font=\u00bb|300||on|||||\u00bb button_use_icon=\u00bboff\u00bb border_width_all=\u00bb1px\u00bb border_color_all=\u00bbrgba(71,74,182,0.12)\u00bb border_style_all=\u00bbsolid\u00bb use_border_color=\u00bbon\u00bb border_color=\u00bbrgba(71,74,182,0.12)\u00bb form_background_color=\u00bbrgba(0,0,0,0)\u00bb global_colors_info=\u00bb{}\u00bb][et_pb_contact_field field_id=\u00bbnombre\u00bb field_title=\u00bbNombre:\u00bb _builder_version=\u00bb4.16&#8243; form_field_text_color=\u00bb#3f98d1&#8243; global_colors_info=\u00bb{}\u00bb button_text_size__hover_enabled=\u00bboff\u00bb button_one_text_size__hover_enabled=\u00bboff\u00bb button_two_text_size__hover_enabled=\u00bboff\u00bb button_text_color__hover_enabled=\u00bboff\u00bb button_one_text_color__hover_enabled=\u00bboff\u00bb button_two_text_color__hover_enabled=\u00bboff\u00bb button_border_width__hover_enabled=\u00bboff\u00bb button_one_border_width__hover_enabled=\u00bboff\u00bb button_two_border_width__hover_enabled=\u00bboff\u00bb button_border_color__hover_enabled=\u00bboff\u00bb button_one_border_color__hover_enabled=\u00bboff\u00bb button_two_border_color__hover_enabled=\u00bboff\u00bb button_border_radius__hover_enabled=\u00bboff\u00bb button_one_border_radius__hover_enabled=\u00bboff\u00bb button_two_border_radius__hover_enabled=\u00bboff\u00bb button_letter_spacing__hover_enabled=\u00bboff\u00bb button_one_letter_spacing__hover_enabled=\u00bboff\u00bb button_two_letter_spacing__hover_enabled=\u00bboff\u00bb button_bg_color__hover_enabled=\u00bboff\u00bb button_one_bg_color__hover_enabled=\u00bboff\u00bb button_two_bg_color__hover_enabled=\u00bboff\u00bb][\/et_pb_contact_field][et_pb_contact_field field_id=\u00bbemail\u00bb field_title=\u00bbCorreo electr\u00f3nico:\u00bb field_type=\u00bbemail\u00bb _builder_version=\u00bb4.16&#8243; form_field_text_color=\u00bb#3f98d1&#8243; global_colors_info=\u00bb{}\u00bb button_text_size__hover_enabled=\u00bboff\u00bb button_one_text_size__hover_enabled=\u00bboff\u00bb button_two_text_size__hover_enabled=\u00bboff\u00bb button_text_color__hover_enabled=\u00bboff\u00bb button_one_text_color__hover_enabled=\u00bboff\u00bb button_two_text_color__hover_enabled=\u00bboff\u00bb button_border_width__hover_enabled=\u00bboff\u00bb button_one_border_width__hover_enabled=\u00bboff\u00bb button_two_border_width__hover_enabled=\u00bboff\u00bb button_border_color__hover_enabled=\u00bboff\u00bb button_one_border_color__hover_enabled=\u00bboff\u00bb button_two_border_color__hover_enabled=\u00bboff\u00bb button_border_radius__hover_enabled=\u00bboff\u00bb button_one_border_radius__hover_enabled=\u00bboff\u00bb button_two_border_radius__hover_enabled=\u00bboff\u00bb button_letter_spacing__hover_enabled=\u00bboff\u00bb button_one_letter_spacing__hover_enabled=\u00bboff\u00bb button_two_letter_spacing__hover_enabled=\u00bboff\u00bb button_bg_color__hover_enabled=\u00bboff\u00bb button_one_bg_color__hover_enabled=\u00bboff\u00bb button_two_bg_color__hover_enabled=\u00bboff\u00bb][\/et_pb_contact_field][et_pb_contact_field field_id=\u00bbtelefono\u00bb field_title=\u00bbTel\u00e9fono:\u00bb field_type=\u00bbemail\u00bb _builder_version=\u00bb4.16&#8243; form_field_text_color=\u00bb#3f98d1&#8243; global_colors_info=\u00bb{}\u00bb button_text_size__hover_enabled=\u00bboff\u00bb button_one_text_size__hover_enabled=\u00bboff\u00bb button_two_text_size__hover_enabled=\u00bboff\u00bb button_text_color__hover_enabled=\u00bboff\u00bb button_one_text_color__hover_enabled=\u00bboff\u00bb button_two_text_color__hover_enabled=\u00bboff\u00bb button_border_width__hover_enabled=\u00bboff\u00bb button_one_border_width__hover_enabled=\u00bboff\u00bb button_two_border_width__hover_enabled=\u00bboff\u00bb button_border_color__hover_enabled=\u00bboff\u00bb button_one_border_color__hover_enabled=\u00bboff\u00bb button_two_border_color__hover_enabled=\u00bboff\u00bb button_border_radius__hover_enabled=\u00bboff\u00bb button_one_border_radius__hover_enabled=\u00bboff\u00bb button_two_border_radius__hover_enabled=\u00bboff\u00bb button_letter_spacing__hover_enabled=\u00bboff\u00bb button_one_letter_spacing__hover_enabled=\u00bboff\u00bb button_two_letter_spacing__hover_enabled=\u00bboff\u00bb button_bg_color__hover_enabled=\u00bboff\u00bb button_one_bg_color__hover_enabled=\u00bboff\u00bb button_two_bg_color__hover_enabled=\u00bboff\u00bb][\/et_pb_contact_field][et_pb_contact_field field_id=\u00bbmensaje\u00bb field_title=\u00bbMensaje:\u00bb field_type=\u00bbtext\u00bb fullwidth_field=\u00bbon\u00bb _builder_version=\u00bb4.16&#8243; form_field_text_color=\u00bb#3f98d1&#8243; global_colors_info=\u00bb{}\u00bb button_text_size__hover_enabled=\u00bboff\u00bb button_one_text_size__hover_enabled=\u00bboff\u00bb button_two_text_size__hover_enabled=\u00bboff\u00bb button_text_color__hover_enabled=\u00bboff\u00bb button_one_text_color__hover_enabled=\u00bboff\u00bb button_two_text_color__hover_enabled=\u00bboff\u00bb button_border_width__hover_enabled=\u00bboff\u00bb button_one_border_width__hover_enabled=\u00bboff\u00bb button_two_border_width__hover_enabled=\u00bboff\u00bb button_border_color__hover_enabled=\u00bboff\u00bb button_one_border_color__hover_enabled=\u00bboff\u00bb button_two_border_color__hover_enabled=\u00bboff\u00bb button_border_radius__hover_enabled=\u00bboff\u00bb button_one_border_radius__hover_enabled=\u00bboff\u00bb button_two_border_radius__hover_enabled=\u00bboff\u00bb button_letter_spacing__hover_enabled=\u00bboff\u00bb button_one_letter_spacing__hover_enabled=\u00bboff\u00bb button_two_letter_spacing__hover_enabled=\u00bboff\u00bb button_bg_color__hover_enabled=\u00bboff\u00bb button_one_bg_color__hover_enabled=\u00bboff\u00bb button_two_bg_color__hover_enabled=\u00bboff\u00bb][\/et_pb_contact_field][\/et_pb_contact_form][\/et_pb_column][et_pb_column type=\u00bb1_3&#8243; _builder_version=\u00bb4.16&#8243; background_color=\u00bb#8dc73f\u00bb custom_padding=\u00bb60px|40px|60px|40px\u00bb global_colors_info=\u00bb{}\u00bb custom_padding__hover=\u00bb|||\u00bb][et_pb_text _builder_version=\u00bb4.16&#8243; text_font=\u00bb||||||||\u00bb header_font=\u00bb||||||||\u00bb header_2_font=\u00bb|700|||||||\u00bb header_2_line_height=\u00bb1.3em\u00bb background_layout=\u00bbdark\u00bb custom_margin=\u00bb||20px|\u00bb animation_style=\u00bbslide\u00bb animation_direction=\u00bbbottom\u00bb animation_intensity_slide=\u00bb10%\u00bb locked=\u00bboff\u00bb global_colors_info=\u00bb{}\u00bb header_font_size__hover=\u00bb30px\u00bb header_font_size__hover_enabled=\u00bb30px\u00bb header_letter_spacing__hover=\u00bb0px\u00bb header_letter_spacing__hover_enabled=\u00bb0px\u00bb header_text_shadow_style__hover=\u00bbnone\u00bb header_text_shadow_style__hover_enabled=\u00bbnone\u00bb header_text_shadow_color__hover=\u00bbrgba(0,0,0,0.4)\u00bb header_text_shadow_color__hover_enabled=\u00bbrgba(0,0,0,0.4)\u00bb]<\/p>\n<h2>Horarios de Atenci\u00f3n<\/h2>\n<p>[\/et_pb_text][et_pb_text _builder_version=\u00bb4.19.5&#8243; text_font=\u00bb||||||||\u00bb text_font_size=\u00bb18px\u00bb text_line_height=\u00bb1em\u00bb link_font=\u00bb||||on||||\u00bb link_text_color=\u00bb#ffffff\u00bb background_layout=\u00bbdark\u00bb custom_margin=\u00bb||40px|\u00bb hover_enabled=\u00bb0&#8243; global_colors_info=\u00bb{}\u00bb sticky_enabled=\u00bb0&#8243;]<\/p>\n<p>LUNES A VIERNES<\/p>\n<p>8:30 AM A 5:30 PM<\/p>\n<p>Tel. +57 3156820455<\/p>\n<p><span style=\"font-size: 1em;\"><a href=\"mailto:ventas@mrsiliconeband.com\">ventas@mrsiliconeband.com<\/a><\/span><\/p>\n<p><b>( Punto de Muestras del producto )<\/b><\/p>\n<p><b>San Crist\u00f3bal \u2013\u00a0T\u00e1chira<\/b><br \/>Calle 13 con Carrera 19 \u2013 Edif Victoria \u2013 Piso 2 \u2013 Ofic 5 \u2013 Barrio Obrero , Venezuela<\/p>\n<p>[\/et_pb_text][et_pb_social_media_follow _builder_version=\u00bb4.16&#8243; text_orientation=\u00bbleft\u00bb background_layout=\u00bbdark\u00bb custom_margin=\u00bb|||\u00bb global_colors_info=\u00bb{}\u00bb][et_pb_social_media_follow_network social_network=\u00bbfacebook\u00bb url=\u00bbhttps:\/\/www.facebook.com\/mrsiliconeband\/\u00bb _builder_version=\u00bb4.16&#8243; custom_margin=\u00bb|6px||\u00bb global_colors_info=\u00bb{}\u00bb follow_button=\u00bboff\u00bb url_new_window=\u00bbon\u00bb]facebook[\/et_pb_social_media_follow_network][et_pb_social_media_follow_network social_network=\u00bbinstagram\u00bb url=\u00bbhttp:\/\/instagram.com\/mrsiliconeband\u00bb _builder_version=\u00bb4.16&#8243; custom_margin=\u00bb|6px||\u00bb global_colors_info=\u00bb{}\u00bb follow_button=\u00bboff\u00bb url_new_window=\u00bbon\u00bb]instagram[\/et_pb_social_media_follow_network][\/et_pb_social_media_follow][\/et_pb_column][\/et_pb_row][\/et_pb_section]<\/p>\n","protected":false},"excerpt":{"rendered":"<p>Cont\u00e1ctanosHorarios de Atenci\u00f3nLUNES A VIERNES 8:30 AM A 5:30 PM Tel. +57 3156820455 ventas@mrsiliconeband.com ( Punto de Muestras del producto ) San Crist\u00f3bal \u2013\u00a0T\u00e1chiraCalle 13 con Carrera 19 \u2013 Edif Victoria \u2013 Piso 2 \u2013 Ofic 5 \u2013 Barrio Obrero , Venezuela<\/p>\n","protected":false},"author":2,"featured_media":0,"parent":0,"menu_order":0,"comment_status":"closed","ping_status":"closed","template":"","meta":{"_et_pb_use_builder":"on","_et_pb_old_content":"","_et_gb_content_width":"","om_disable_all_campaigns":false,"footnotes":""},"acf":[],"yoast_head":"<!-- This site is optimized with the Yoast SEO plugin v21.3 - https:\/\/yoast.com\/wordpress\/plugins\/seo\/ -->\n<title>Contacto - Pulseras 100% Silicona<\/title>\n<meta name=\"description\" content=\"Somos Especialistas en Pulseras 100% Silicona Personalizadas para Publicidad, Eventos, Empresas, Activaciones de Marca, Fundaciones, Campa\u00f1as de Socializaci\u00f3n, Campa\u00f1as Pol\u00edticas, Eventos, Gimnasios. Somos tu mejor opci\u00f3n, Calidad, Precio y Cumplimiento.\" \/>\n<meta name=\"robots\" content=\"index, follow, max-snippet:-1, max-image-preview:large, max-video-preview:-1\" \/>\n<link rel=\"canonical\" href=\"https:\/\/www.mrsiliconeband.com\/ven\/contacto\/\" \/>\n<meta property=\"og:locale\" content=\"es_ES\" \/>\n<meta property=\"og:type\" content=\"article\" \/>\n<meta property=\"og:title\" content=\"Contacto - Pulseras 100% Silicona\" \/>\n<meta property=\"og:description\" content=\"Somos Especialistas en Pulseras 100% Silicona Personalizadas para Publicidad, Eventos, Empresas, Activaciones de Marca, Fundaciones, Campa\u00f1as de Socializaci\u00f3n, Campa\u00f1as Pol\u00edticas, Eventos, Gimnasios. Somos tu mejor opci\u00f3n, Calidad, Precio y Cumplimiento.\" \/>\n<meta property=\"og:url\" content=\"https:\/\/www.mrsiliconeband.com\/ven\/contacto\/\" \/>\n<meta property=\"og:site_name\" content=\"Pulseras 100% Silicona\" \/>\n<meta property=\"article:modified_time\" content=\"2024-06-07T21:52:44+00:00\" \/>\n<meta name=\"twitter:card\" content=\"summary_large_image\" \/>\n<meta name=\"twitter:label1\" content=\"Tiempo de lectura\" \/>\n\t<meta name=\"twitter:data1\" content=\"7 minutos\" \/>\n<script type=\"application\/ld+json\" class=\"yoast-schema-graph\">{\"@context\":\"https:\/\/schema.org\",\"@graph\":[{\"@type\":\"WebPage\",\"@id\":\"https:\/\/www.mrsiliconeband.com\/ven\/contacto\/\",\"url\":\"https:\/\/www.mrsiliconeband.com\/ven\/contacto\/\",\"name\":\"Contacto - Pulseras 100% Silicona\",\"isPartOf\":{\"@id\":\"https:\/\/www.mrsiliconeband.com\/ven\/#website\"},\"datePublished\":\"2019-06-10T23:37:23+00:00\",\"dateModified\":\"2024-06-07T21:52:44+00:00\",\"description\":\"Somos Especialistas en Pulseras 100% Silicona Personalizadas para Publicidad, Eventos, Empresas, Activaciones de Marca, Fundaciones, Campa\u00f1as de Socializaci\u00f3n, Campa\u00f1as Pol\u00edticas, Eventos, Gimnasios. Somos tu mejor opci\u00f3n, Calidad, Precio y Cumplimiento.\",\"inLanguage\":\"es\",\"potentialAction\":[{\"@type\":\"ReadAction\",\"target\":[\"https:\/\/www.mrsiliconeband.com\/ven\/contacto\/\"]}]},{\"@type\":\"WebSite\",\"@id\":\"https:\/\/www.mrsiliconeband.com\/ven\/#website\",\"url\":\"https:\/\/www.mrsiliconeband.com\/ven\/\",\"name\":\"Pulseras 100% Silicona\",\"description\":\"Pulseras 100% Silicona\",\"potentialAction\":[{\"@type\":\"SearchAction\",\"target\":{\"@type\":\"EntryPoint\",\"urlTemplate\":\"https:\/\/www.mrsiliconeband.com\/ven\/?s={search_term_string}\"},\"query-input\":\"required name=search_term_string\"}],\"inLanguage\":\"es\"}]}<\/script>\n<!-- \/ Yoast SEO plugin. -->","yoast_head_json":{"title":"Contacto - Pulseras 100% Silicona","description":"Somos Especialistas en Pulseras 100% Silicona Personalizadas para Publicidad, Eventos, Empresas, Activaciones de Marca, Fundaciones, Campa\u00f1as de Socializaci\u00f3n, Campa\u00f1as Pol\u00edticas, Eventos, Gimnasios. Somos tu mejor opci\u00f3n, Calidad, Precio y Cumplimiento.","robots":{"index":"index","follow":"follow","max-snippet":"max-snippet:-1","max-image-preview":"max-image-preview:large","max-video-preview":"max-video-preview:-1"},"canonical":"https:\/\/www.mrsiliconeband.com\/ven\/contacto\/","og_locale":"es_ES","og_type":"article","og_title":"Contacto - Pulseras 100% Silicona","og_description":"Somos Especialistas en Pulseras 100% Silicona Personalizadas para Publicidad, Eventos, Empresas, Activaciones de Marca, Fundaciones, Campa\u00f1as de Socializaci\u00f3n, Campa\u00f1as Pol\u00edticas, Eventos, Gimnasios. Somos tu mejor opci\u00f3n, Calidad, Precio y Cumplimiento.","og_url":"https:\/\/www.mrsiliconeband.com\/ven\/contacto\/","og_site_name":"Pulseras 100% Silicona","article_modified_time":"2024-06-07T21:52:44+00:00","twitter_card":"summary_large_image","twitter_misc":{"Tiempo de lectura":"7 minutos"},"schema":{"@context":"https:\/\/schema.org","@graph":[{"@type":"WebPage","@id":"https:\/\/www.mrsiliconeband.com\/ven\/contacto\/","url":"https:\/\/www.mrsiliconeband.com\/ven\/contacto\/","name":"Contacto - Pulseras 100% Silicona","isPartOf":{"@id":"https:\/\/www.mrsiliconeband.com\/ven\/#website"},"datePublished":"2019-06-10T23:37:23+00:00","dateModified":"2024-06-07T21:52:44+00:00","description":"Somos Especialistas en Pulseras 100% Silicona Personalizadas para Publicidad, Eventos, Empresas, Activaciones de Marca, Fundaciones, Campa\u00f1as de Socializaci\u00f3n, Campa\u00f1as Pol\u00edticas, Eventos, Gimnasios. Somos tu mejor opci\u00f3n, Calidad, Precio y Cumplimiento.","inLanguage":"es","potentialAction":[{"@type":"ReadAction","target":["https:\/\/www.mrsiliconeband.com\/ven\/contacto\/"]}]},{"@type":"WebSite","@id":"https:\/\/www.mrsiliconeband.com\/ven\/#website","url":"https:\/\/www.mrsiliconeband.com\/ven\/","name":"Pulseras 100% Silicona","description":"Pulseras 100% Silicona","potentialAction":[{"@type":"SearchAction","target":{"@type":"EntryPoint","urlTemplate":"https:\/\/www.mrsiliconeband.com\/ven\/?s={search_term_string}"},"query-input":"required name=search_term_string"}],"inLanguage":"es"}]}},"_links":{"self":[{"href":"https:\/\/www.mrsiliconeband.com\/ven\/wp-json\/wp\/v2\/pages\/341"}],"collection":[{"href":"https:\/\/www.mrsiliconeband.com\/ven\/wp-json\/wp\/v2\/pages"}],"about":[{"href":"https:\/\/www.mrsiliconeband.com\/ven\/wp-json\/wp\/v2\/types\/page"}],"author":[{"embeddable":true,"href":"https:\/\/www.mrsiliconeband.com\/ven\/wp-json\/wp\/v2\/users\/2"}],"replies":[{"embeddable":true,"href":"https:\/\/www.mrsiliconeband.com\/ven\/wp-json\/wp\/v2\/comments?post=341"}],"version-history":[{"count":1,"href":"https:\/\/www.mrsiliconeband.com\/ven\/wp-json\/wp\/v2\/pages\/341\/revisions"}],"predecessor-version":[{"id":3830,"href":"https:\/\/www.mrsiliconeband.com\/ven\/wp-json\/wp\/v2\/pages\/341\/revisions\/3830"}],"wp:attachment":[{"href":"https:\/\/www.mrsiliconeband.com\/ven\/wp-json\/wp\/v2\/media?parent=341"}],"curies":[{"name":"wp","href":"https:\/\/api.w.org\/{rel}","templated":true}]}}