{"id":355,"date":"2019-06-10T18:45:44","date_gmt":"2019-06-10T23:45:44","guid":{"rendered":"http:\/\/www.belcarcompany.com\/nuevatienda\/?page_id=355"},"modified":"2019-09-18T14:49:33","modified_gmt":"2019-09-18T19:49:33","slug":"preguntas-frecuentes","status":"publish","type":"page","link":"https:\/\/www.mrsiliconeband.com\/ecu\/preguntas-frecuentes\/","title":{"rendered":"Preguntas frecuentes"},"content":{"rendered":"<p>[et_pb_section fb_built=\u00bb1&#8243; _builder_version=\u00bb3.24&#8243; custom_padding=\u00bb3px|||||\u00bb fb_built=\u00bb1&#8243; _i=\u00bb0&#8243; _address=\u00bb0&#8243;][et_pb_row _builder_version=\u00bb3.25&#8243; _i=\u00bb0&#8243; _address=\u00bb0.0&#8243;][et_pb_column type=\u00bb4_4&#8243; _builder_version=\u00bb3.25&#8243; custom_padding=\u00bb|||\u00bb _i=\u00bb0&#8243; _address=\u00bb0.0.0&#8243; custom_padding__hover=\u00bb|||\u00bb][et_pb_text _builder_version=\u00bb3.27.4&#8243; text_font=\u00bb||||||||\u00bb text_font_size=\u00bb30px\u00bb text_orientation=\u00bbcenter\u00bb text_text_align=\u00bbcenter\u00bb _i=\u00bb0&#8243; _address=\u00bb0.0.0.0&#8243;]Preguntas Frecuentes[\/et_pb_text][et_pb_text _builder_version=\u00bb3.27.4&#8243; text_font=\u00bb||||||||\u00bb text_orientation=\u00bbcenter\u00bb text_text_align=\u00bbcenter\u00bb _i=\u00bb1&#8243; _address=\u00bb0.0.0.1&#8243;]<iframe loading=\"lazy\" width=\"560\" height=\"315\" src=\"https:\/\/www.youtube.com\/embed\/Deou0sFIyr8\" frameborder=\"0\" allow=\"accelerometer; autoplay; encrypted-media; gyroscope; picture-in-picture\" allowfullscreen><\/iframe>[\/et_pb_text][et_pb_text _builder_version=\u00bb3.29.3&#8243; text_font_size=\u00bb22px\u00bb text_font_size_tablet=\u00bb16px\u00bb text_font_size_last_edited=\u00bbon|desktop\u00bb _i=\u00bb2&#8243; _address=\u00bb0.0.0.2&#8243;]<\/p>\n<p><strong style=\"font-size: 22px;\"><\/strong><\/p>\n<p><strong style=\"font-size: 22px;\">\u00bfCu\u00e1l es el minimo de orden para las manillas personalizadas?<\/strong><\/p>\n<p>30 Unidades por Dise\u00f1o.<\/p>\n<p><strong><\/strong><\/p>\n<p><strong>\u00bfCual es el tiempo de entrga de las manillas personalizadas?<\/strong><\/p>\n<p>Los tiempos de entrega pueden variar desde 6 dias hasta 15 dias Habiles dependiendo de la cantidad de la orden.<\/p>\n<p><strong><\/strong><\/p>\n<p><strong>\u00bfQue medidas puedo hacer en las manillas personalizadas?<\/strong><\/p>\n<p>Las medidas mas comunes son:<br \/> 190 x 12 x 2 mm ( la mas Utilizada )<\/p>\n<p>170 x 12 x 2 mm ( para ni\u00f1os, jovenes, y mujeres de mu\u00f1eca delgada )<\/p>\n<p>Otras medidas se pueden realizar bajo Pedido.<\/p>\n<p><strong><\/strong><\/p>\n<p><strong>\u00bfQue Colores puedo realizar en las manillas personalizadas?<\/strong><\/p>\n<p><span>Cualquier Color, solo danos el numero Pantone.<\/span><\/p>\n<p><span><\/span><\/p>\n<p><strong>\u00bfComo Reconocer una pulsera 100% Silicona?<\/strong><\/p>\n<p>Las pulseras 100% Silicona No se distencionan, No se deforman, No se les ve las uniones y No tienen irregularidades (Huecos).<\/p>\n<p><strong><\/strong><\/p>\n<p><strong>\u00bfTienen Muestras Disponibles?<\/strong><\/p>\n<p>Si ! y son gratis !, tenemos manillas de muestra donde puedes ver la calidad y diferentes tipos de dise\u00f1os que se pueden manejar, puede recojerlas en nuestra oficina o te la podemos enviar, los gastos de envio corren por cuenta del cliente. Para otros paises tiene un costo de 20 USD , tiempo de entrega de 5 a 10 Dias por correo certificado.<\/p>\n<p><strong><\/strong><\/p>\n<p><strong>\u00bfNo estoy en Colombia, pueden hacer llegar mi orden a otro pais?<\/strong><\/p>\n<p>Si tenemos clientes en otros paises de America, te enviaremos una cotizacion en USD. Puedes hacer los pagos por tarjeta de credito. Nuestros precios Incluyen el envio a tu pais.<\/p>\n<p>[\/et_pb_text][\/et_pb_column][\/et_pb_row][\/et_pb_section]<\/p>\n","protected":false},"excerpt":{"rendered":"<p>Preguntas Frecuentes \u00bfCu\u00e1l es el minimo de orden para las manillas personalizadas? 30 Unidades por Dise\u00f1o. \u00bfCual es el tiempo de entrga de las manillas personalizadas? Los tiempos de entrega pueden variar desde 6 dias hasta 15 dias Habiles dependiendo de la cantidad de la orden. \u00bfQue medidas puedo hacer en las manillas personalizadas? Las [&hellip;]<\/p>\n","protected":false},"author":1,"featured_media":0,"parent":0,"menu_order":0,"comment_status":"closed","ping_status":"closed","template":"","meta":{"_et_pb_use_builder":"on","_et_pb_old_content":"","_et_gb_content_width":"","om_disable_all_campaigns":false,"footnotes":""},"acf":[],"yoast_head":"<!-- This site is optimized with the Yoast SEO plugin v21.3 - https:\/\/yoast.com\/wordpress\/plugins\/seo\/ -->\n<title>Preguntas frecuentes - Pulseras 100% Silicona<\/title>\n<meta name=\"description\" content=\"Somos Especialistas en Pulseras 100% Silicona Personalizadas para Publicidad, Eventos, Empresas, Activaciones de Marca, Fundaciones, Campa\u00f1as de Socializaci\u00f3n, Campa\u00f1as Pol\u00edticas, Eventos, Gimnasios. Somos tu mejor opci\u00f3n, Calidad, Precio y Cumplimiento.\" \/>\n<meta name=\"robots\" content=\"index, follow, max-snippet:-1, max-image-preview:large, max-video-preview:-1\" \/>\n<link rel=\"canonical\" href=\"https:\/\/www.mrsiliconeband.com\/ven\/preguntas-frecuentes\/\" \/>\n<meta property=\"og:locale\" content=\"es_ES\" \/>\n<meta property=\"og:type\" content=\"article\" \/>\n<meta property=\"og:title\" content=\"Preguntas frecuentes - Pulseras 100% Silicona\" \/>\n<meta property=\"og:description\" content=\"Somos Especialistas en Pulseras 100% Silicona Personalizadas para Publicidad, Eventos, Empresas, Activaciones de Marca, Fundaciones, Campa\u00f1as de Socializaci\u00f3n, Campa\u00f1as Pol\u00edticas, Eventos, Gimnasios. Somos tu mejor opci\u00f3n, Calidad, Precio y Cumplimiento.\" \/>\n<meta property=\"og:url\" content=\"https:\/\/www.mrsiliconeband.com\/ven\/preguntas-frecuentes\/\" \/>\n<meta property=\"og:site_name\" content=\"Pulseras 100% Silicona\" \/>\n<meta property=\"article:modified_time\" content=\"2019-09-18T19:49:33+00:00\" \/>\n<meta name=\"twitter:card\" content=\"summary_large_image\" \/>\n<meta name=\"twitter:label1\" content=\"Tiempo de lectura\" \/>\n\t<meta name=\"twitter:data1\" content=\"2 minutos\" \/>\n<script type=\"application\/ld+json\" class=\"yoast-schema-graph\">{\"@context\":\"https:\/\/schema.org\",\"@graph\":[{\"@type\":\"WebPage\",\"@id\":\"https:\/\/www.mrsiliconeband.com\/ven\/preguntas-frecuentes\/\",\"url\":\"https:\/\/www.mrsiliconeband.com\/ven\/preguntas-frecuentes\/\",\"name\":\"Preguntas frecuentes - Pulseras 100% Silicona\",\"isPartOf\":{\"@id\":\"https:\/\/www.mrsiliconeband.com\/ecu\/#website\"},\"datePublished\":\"2019-06-10T23:45:44+00:00\",\"dateModified\":\"2019-09-18T19:49:33+00:00\",\"description\":\"Somos Especialistas en Pulseras 100% Silicona Personalizadas para Publicidad, Eventos, Empresas, Activaciones de Marca, Fundaciones, Campa\u00f1as de Socializaci\u00f3n, Campa\u00f1as Pol\u00edticas, Eventos, Gimnasios. Somos tu mejor opci\u00f3n, Calidad, Precio y Cumplimiento.\",\"inLanguage\":\"es\",\"potentialAction\":[{\"@type\":\"ReadAction\",\"target\":[\"https:\/\/www.mrsiliconeband.com\/ven\/preguntas-frecuentes\/\"]}]},{\"@type\":\"WebSite\",\"@id\":\"https:\/\/www.mrsiliconeband.com\/ecu\/#website\",\"url\":\"https:\/\/www.mrsiliconeband.com\/ecu\/\",\"name\":\"Pulseras 100% Silicona\",\"description\":\"Pulseras 100% Silicona\",\"potentialAction\":[{\"@type\":\"SearchAction\",\"target\":{\"@type\":\"EntryPoint\",\"urlTemplate\":\"https:\/\/www.mrsiliconeband.com\/ecu\/?s={search_term_string}\"},\"query-input\":\"required name=search_term_string\"}],\"inLanguage\":\"es\"}]}<\/script>\n<!-- \/ Yoast SEO plugin. -->","yoast_head_json":{"title":"Preguntas frecuentes - Pulseras 100% Silicona","description":"Somos Especialistas en Pulseras 100% Silicona Personalizadas para Publicidad, Eventos, Empresas, Activaciones de Marca, Fundaciones, Campa\u00f1as de Socializaci\u00f3n, Campa\u00f1as Pol\u00edticas, Eventos, Gimnasios. Somos tu mejor opci\u00f3n, Calidad, Precio y Cumplimiento.","robots":{"index":"index","follow":"follow","max-snippet":"max-snippet:-1","max-image-preview":"max-image-preview:large","max-video-preview":"max-video-preview:-1"},"canonical":"https:\/\/www.mrsiliconeband.com\/ven\/preguntas-frecuentes\/","og_locale":"es_ES","og_type":"article","og_title":"Preguntas frecuentes - Pulseras 100% Silicona","og_description":"Somos Especialistas en Pulseras 100% Silicona Personalizadas para Publicidad, Eventos, Empresas, Activaciones de Marca, Fundaciones, Campa\u00f1as de Socializaci\u00f3n, Campa\u00f1as Pol\u00edticas, Eventos, Gimnasios. Somos tu mejor opci\u00f3n, Calidad, Precio y Cumplimiento.","og_url":"https:\/\/www.mrsiliconeband.com\/ven\/preguntas-frecuentes\/","og_site_name":"Pulseras 100% Silicona","article_modified_time":"2019-09-18T19:49:33+00:00","twitter_card":"summary_large_image","twitter_misc":{"Tiempo de lectura":"2 minutos"},"schema":{"@context":"https:\/\/schema.org","@graph":[{"@type":"WebPage","@id":"https:\/\/www.mrsiliconeband.com\/ven\/preguntas-frecuentes\/","url":"https:\/\/www.mrsiliconeband.com\/ven\/preguntas-frecuentes\/","name":"Preguntas frecuentes - Pulseras 100% Silicona","isPartOf":{"@id":"https:\/\/www.mrsiliconeband.com\/ecu\/#website"},"datePublished":"2019-06-10T23:45:44+00:00","dateModified":"2019-09-18T19:49:33+00:00","description":"Somos Especialistas en Pulseras 100% Silicona Personalizadas para Publicidad, Eventos, Empresas, Activaciones de Marca, Fundaciones, Campa\u00f1as de Socializaci\u00f3n, Campa\u00f1as Pol\u00edticas, Eventos, Gimnasios. Somos tu mejor opci\u00f3n, Calidad, Precio y Cumplimiento.","inLanguage":"es","potentialAction":[{"@type":"ReadAction","target":["https:\/\/www.mrsiliconeband.com\/ven\/preguntas-frecuentes\/"]}]},{"@type":"WebSite","@id":"https:\/\/www.mrsiliconeband.com\/ecu\/#website","url":"https:\/\/www.mrsiliconeband.com\/ecu\/","name":"Pulseras 100% Silicona","description":"Pulseras 100% Silicona","potentialAction":[{"@type":"SearchAction","target":{"@type":"EntryPoint","urlTemplate":"https:\/\/www.mrsiliconeband.com\/ecu\/?s={search_term_string}"},"query-input":"required name=search_term_string"}],"inLanguage":"es"}]}},"_links":{"self":[{"href":"https:\/\/www.mrsiliconeband.com\/ecu\/wp-json\/wp\/v2\/pages\/355"}],"collection":[{"href":"https:\/\/www.mrsiliconeband.com\/ecu\/wp-json\/wp\/v2\/pages"}],"about":[{"href":"https:\/\/www.mrsiliconeband.com\/ecu\/wp-json\/wp\/v2\/types\/page"}],"author":[{"embeddable":true,"href":"https:\/\/www.mrsiliconeband.com\/ecu\/wp-json\/wp\/v2\/users\/1"}],"replies":[{"embeddable":true,"href":"https:\/\/www.mrsiliconeband.com\/ecu\/wp-json\/wp\/v2\/comments?post=355"}],"version-history":[{"count":0,"href":"https:\/\/www.mrsiliconeband.com\/ecu\/wp-json\/wp\/v2\/pages\/355\/revisions"}],"wp:attachment":[{"href":"https:\/\/www.mrsiliconeband.com\/ecu\/wp-json\/wp\/v2\/media?parent=355"}],"curies":[{"name":"wp","href":"https:\/\/api.w.org\/{rel}","templated":true}]}}